{"id":2090,"date":"2020-10-01T10:31:25","date_gmt":"2020-10-01T08:31:25","guid":{"rendered":"http:\/\/b-r-l.fr\/bn415254-ovh\/?page_id=2090"},"modified":"2020-10-01T10:31:25","modified_gmt":"2020-10-01T08:31:25","slug":"mentions-legales","status":"publish","type":"page","link":"https:\/\/b-r-l.fr\/index.php\/mentions-legales\/","title":{"rendered":"Mentions l\u00e9gales"},"content":{"rendered":"<p>Propri\u00e9taire : Nicolas Baril \u2013 siret : 88121155100018 \u2013<\/p>\n<p>1 Rue LOUISE MICHEL<br \/>\n35150 CORPS-NUDS<br \/>\nCr\u00e9ateur : Nicolas Baril<br \/>\nResponsable publication : Nicolas Baril<br \/>\nLe responsable publication est une personne physique.<\/p>\n<p>H\u00e9bergeur : OVH<br \/>\n2 rue Kellermann 59100 Roubaix<br \/>\nRCS Lille M\u00e9tropole 424 761 419 00045<br \/>\nCode APE 2620Z<br \/>\nN\u00b0 TVA : FR 22 424 761 419<\/p>\n","protected":false},"excerpt":{"rendered":"<p>Propri\u00e9taire : Nicolas Baril \u2013 siret : 88121155100018 \u2013 1 Rue LOUISE MICHEL 35150 CORPS-NUDS Cr\u00e9ateur : Nicolas Baril Responsable publication : Nicolas Baril Le responsable publication est une personne physique. H\u00e9bergeur : OVH 2 rue Kellermann 59100 Roubaix RCS Lille M\u00e9tropole 424 761 419 00045 Code APE 2620Z N\u00b0 TVA : FR 22 424 761 419<\/p>\n","protected":false},"author":2,"featured_media":0,"parent":0,"menu_order":0,"comment_status":"closed","ping_status":"closed","template":"","meta":[],"_links":{"self":[{"href":"https:\/\/b-r-l.fr\/index.php\/wp-json\/wp\/v2\/pages\/2090"}],"collection":[{"href":"https:\/\/b-r-l.fr\/index.php\/wp-json\/wp\/v2\/pages"}],"about":[{"href":"https:\/\/b-r-l.fr\/index.php\/wp-json\/wp\/v2\/types\/page"}],"author":[{"embeddable":true,"href":"https:\/\/b-r-l.fr\/index.php\/wp-json\/wp\/v2\/users\/2"}],"replies":[{"embeddable":true,"href":"https:\/\/b-r-l.fr\/index.php\/wp-json\/wp\/v2\/comments?post=2090"}],"version-history":[{"count":1,"href":"https:\/\/b-r-l.fr\/index.php\/wp-json\/wp\/v2\/pages\/2090\/revisions"}],"predecessor-version":[{"id":2091,"href":"https:\/\/b-r-l.fr\/index.php\/wp-json\/wp\/v2\/pages\/2090\/revisions\/2091"}],"wp:attachment":[{"href":"https:\/\/b-r-l.fr\/index.php\/wp-json\/wp\/v2\/media?parent=2090"}],"curies":[{"name":"wp","href":"https:\/\/api.w.org\/{rel}","templated":true}]}}