{"id":1944,"date":"2015-12-02T10:52:22","date_gmt":"2015-12-02T09:52:22","guid":{"rendered":"http:\/\/theme-fusion.com\/avada\/university\/?page_id=14"},"modified":"2020-11-06T10:08:40","modified_gmt":"2020-11-06T09:08:40","slug":"societe","status":"publish","type":"page","link":"https:\/\/b-r-l.fr\/index.php\/societe\/","title":{"rendered":"La soci\u00e9t\u00e9"},"content":{"rendered":"<div class=\"fusion-fullwidth fullwidth-box fusion-builder-row-1 fusion-flex-container nonhundred-percent-fullwidth non-hundred-percent-height-scrolling\" style=\"background-color: #faf9f8;background-position: left top;background-repeat: no-repeat;border-width: 0px 0px 0px 0px;border-color:#eae9e9;border-style:solid;\" ><div class=\"fusion-builder-row fusion-row fusion-flex-align-items-flex-start\" style=\"max-width:1331.2px;margin-left: calc(-4% \/ 2 );margin-right: calc(-4% \/ 2 );\"><div class=\"fusion-layout-column fusion_builder_column fusion-builder-column-0 fusion_builder_column_1_2 1_2 fusion-flex-column\"><div class=\"fusion-column-wrapper fusion-flex-justify-content-flex-start fusion-content-layout-row\" style=\"background-position:left top;background-repeat:no-repeat;-webkit-background-size:cover;-moz-background-size:cover;-o-background-size:cover;background-size:cover;background-color:#f4f4f4;padding: 0px 10px 0px 10px;\"><div class=\"fusion-text fusion-text-1\" style=\"text-align:center;\"><p><strong>BRL \u00ab\u00a0Boost Your Robotics Life\u00a0\u00bb<\/strong> est une soci\u00e9t\u00e9 dont le savoir faire est reconnu dans le domaine de la maintenance robotique et de la r\u00e9novation.<\/p>\n<p>Sp\u00e9cialiste de la\u00a0<a href=\"http:\/\/www.secometal.com\/index.php\/maintenance.html\">maintenance Robotique<\/a> depuis 7 ans, nous mettons en \u0153uvre les programmes pr\u00e9ventif, conditionnel et correctif lors d&rsquo;interventions ponctuelles ou dans le cadre plus large de contrats pluriannuels avec obligation de r\u00e9sultats (maintenance globale).Afin de mener \u00e0 bien les missions qui lui sont confi\u00e9es en termes de comp\u00e9tence, de qualit\u00e9 du service et de r\u00e9activit\u00e9, <strong>BRL \u00ab\u00a0Boost Your Robotics Life\u00a0\u00bb<\/strong> op\u00e8re avec ses propres <a href=\"http:\/\/www.secometal.com\/index.php\/effectif-par-profils-secometal-mmi.html\">ressources<\/a> :<\/p>\n<ul>\n<li style=\"text-align: left;\">des techniciens de maintenance form\u00e9s<\/li>\n<li style=\"text-align: left;\">une ma\u00eetrise hautement qualifi\u00e9e et un personnel exp\u00e9riment\u00e9 en m\u00e9canique, d\u00e9pannage et programmation.<\/li>\n<\/ul>\n<p>L&rsquo;engagement de <strong>BRL \u00ab\u00a0Boost Your Robotics Life\u00a0\u00bb<\/strong> est total dans le respect des r\u00e8gles de s\u00e9curit\u00e9, dans la qualit\u00e9 des prestations r\u00e9alis\u00e9es et dans le souci de la protection de l&rsquo;environnement.<\/p>\n<\/div><\/div><\/div><style type=\"text\/css\">.fusion-body .fusion-builder-column-0{width:50% !important;margin-top : 30px;margin-bottom : 30px;}.fusion-builder-column-0 > .fusion-column-wrapper {padding-top : 0px !important;padding-right : 10px !important;margin-right : 3.84%;padding-bottom : 0px !important;padding-left : 10px !important;margin-left : 3.84%;}@media only screen and (max-width:1024px) {.fusion-body .fusion-builder-column-0{width:100% !important;order : 0;}.fusion-builder-column-0 > .fusion-column-wrapper {margin-right : 1.92%;margin-left : 1.92%;}}@media only screen and (max-width:640px) {.fusion-body .fusion-builder-column-0{width:100% !important;order : 0;}.fusion-builder-column-0 > .fusion-column-wrapper {margin-right : 1.92%;margin-left : 1.92%;}}<\/style><div class=\"fusion-layout-column fusion_builder_column fusion-builder-column-1 fusion_builder_column_1_2 1_2 fusion-flex-column fusion-no-small-visibility\"><div class=\"fusion-column-wrapper fusion-flex-justify-content-flex-start fusion-content-layout-column\" style=\"background-position:left top;background-repeat:no-repeat;-webkit-background-size:cover;-moz-background-size:cover;-o-background-size:cover;background-size:cover;padding: 0px 0px 0px 0px;\"><style type=\"text\/css\">.fusion-gallery-1 .fusion-gallery-image {border:0px solid #f6f6f6;}<\/style><div class=\"fusion-gallery fusion-gallery-container fusion-grid-1 fusion-columns-total-1 fusion-gallery-layout-masonry fusion-gallery-1\" style=\"margin:-5px;\"><div class=\"fusion-grid-column fusion-gallery-column fusion-gallery-column-1 hover-type-none fusion-grid-sizer\"><\/div><div style=\"padding:5px;\" class=\"fusion-grid-column fusion-gallery-column fusion-gallery-column-1 hover-type-none fusion-element-grid\"><div class=\"fusion-gallery-image\"><a href=\"https:\/\/b-r-l.fr\/wp-content\/uploads\/2020\/10\/IMG_1184-scaled-e1603285042959.jpg\" rel=\"noreferrer\" data-rel=\"iLightbox[gallery_image_1]\" class=\"fusion-lightbox\" target=\"_self\"><div style=\"background-image:url(https:\/\/b-r-l.fr\/wp-content\/uploads\/2020\/10\/IMG_1184-scaled-e1603285042959.jpg);padding-top:calc((100% + 10px) * 0.8 - 5px);\" class=\"fusion-masonry-element-container\"><img loading=\"lazy\" src=\"https:\/\/b-r-l.fr\/wp-content\/uploads\/2020\/10\/IMG_1184-scaled-e1603285042959.jpg\" width=\"1600\" height=\"2133\" alt=\"\" title=\"IMG_1184\" aria-label=\"IMG_1184\" class=\"img-responsive wp-image-2247\" \/><\/div><\/a><\/div><\/div><\/div><\/div><\/div><style type=\"text\/css\">.fusion-body .fusion-builder-column-1{width:50% !important;margin-top : 10px;margin-bottom : 10px;}.fusion-builder-column-1 > .fusion-column-wrapper {padding-top : 0px !important;padding-right : 0px !important;margin-right : 3.84%;padding-bottom : 0px !important;padding-left : 0px !important;margin-left : 3.84%;}@media only screen and (max-width:1024px) {.fusion-body .fusion-builder-column-1{width:100% !important;}.fusion-builder-column-1 > .fusion-column-wrapper {margin-right : 1.92%;margin-left : 1.92%;}}@media only screen and (max-width:640px) {.fusion-body .fusion-builder-column-1{width:100% !important;}.fusion-builder-column-1 > .fusion-column-wrapper {margin-right : 1.92%;margin-left : 1.92%;}}<\/style><\/div><style type=\"text\/css\">.fusion-body .fusion-flex-container.fusion-builder-row-1{ padding-top : 125px;margin-top : 0px;padding-right : 0px;padding-bottom : 120px;margin-bottom : 0px;padding-left : 0px;}@media only screen and (max-width:1024px) {.fusion-body .fusion-flex-container.fusion-builder-row-1{ padding-top : 80px;padding-bottom : 80px;}}<\/style><\/div>\n","protected":false},"excerpt":{"rendered":"","protected":false},"author":2,"featured_media":0,"parent":0,"menu_order":0,"comment_status":"closed","ping_status":"closed","template":"100-width.php","meta":[],"_links":{"self":[{"href":"https:\/\/b-r-l.fr\/index.php\/wp-json\/wp\/v2\/pages\/1944"}],"collection":[{"href":"https:\/\/b-r-l.fr\/index.php\/wp-json\/wp\/v2\/pages"}],"about":[{"href":"https:\/\/b-r-l.fr\/index.php\/wp-json\/wp\/v2\/types\/page"}],"author":[{"embeddable":true,"href":"https:\/\/b-r-l.fr\/index.php\/wp-json\/wp\/v2\/users\/2"}],"replies":[{"embeddable":true,"href":"https:\/\/b-r-l.fr\/index.php\/wp-json\/wp\/v2\/comments?post=1944"}],"version-history":[{"count":48,"href":"https:\/\/b-r-l.fr\/index.php\/wp-json\/wp\/v2\/pages\/1944\/revisions"}],"predecessor-version":[{"id":2335,"href":"https:\/\/b-r-l.fr\/index.php\/wp-json\/wp\/v2\/pages\/1944\/revisions\/2335"}],"wp:attachment":[{"href":"https:\/\/b-r-l.fr\/index.php\/wp-json\/wp\/v2\/media?parent=1944"}],"curies":[{"name":"wp","href":"https:\/\/api.w.org\/{rel}","templated":true}]}}